{"id":1079,"date":"2024-11-07T14:59:10","date_gmt":"2024-11-07T14:59:10","guid":{"rendered":"http:\/\/elt.pt\/contactos-copy\/"},"modified":"2025-10-16T15:33:15","modified_gmt":"2025-10-16T15:33:15","slug":"contact","status":"publish","type":"page","link":"http:\/\/elt.pt\/en\/contact\/","title":{"rendered":"CONTACT"},"content":{"rendered":"\t\t<div data-elementor-type=\"wp-page\" data-elementor-id=\"1079\" class=\"elementor elementor-1079\" data-elementor-post-type=\"page\">\n\t\t\t\t<div class=\"elementor-element elementor-element-ab614bf e-con-full e-flex e-con e-parent\" data-id=\"ab614bf\" data-element_type=\"container\">\n\t\t\t\t<div class=\"elementor-element elementor-element-47fd9ee elementor-widget elementor-widget-google_maps\" data-id=\"47fd9ee\" data-element_type=\"widget\" data-widget_type=\"google_maps.default\">\n\t\t\t\t<div class=\"elementor-widget-container\">\n\t\t\t\t\t\t\t<div class=\"elementor-custom-embed\">\n\t\t\t<iframe loading=\"lazy\"\n\t\t\t\t\tsrc=\"https:\/\/maps.google.com\/maps?q=Electrorecambio&#038;t=m&#038;z=8&#038;output=embed&#038;iwloc=near\"\n\t\t\t\t\ttitle=\"Electrorecambio\"\n\t\t\t\t\taria-label=\"Electrorecambio\"\n\t\t\t><\/iframe>\n\t\t<\/div>\n\t\t\t\t\t\t<\/div>\n\t\t\t\t<\/div>\n\t\t\t\t<\/div>\n\t\t<div class=\"elementor-element elementor-element-5e09754 e-flex e-con-boxed e-con e-parent\" data-id=\"5e09754\" data-element_type=\"container\">\n\t\t\t\t\t<div class=\"e-con-inner\">\n\t\t<div class=\"elementor-element elementor-element-462ac54 e-con-full e-flex e-con e-child\" data-id=\"462ac54\" data-element_type=\"container\">\n\t\t\t\t<div class=\"elementor-element elementor-element-acccac7 elementor-view-default elementor-position-top elementor-mobile-position-top elementor-widget elementor-widget-icon-box\" data-id=\"acccac7\" data-element_type=\"widget\" data-widget_type=\"icon-box.default\">\n\t\t\t\t<div class=\"elementor-widget-container\">\n\t\t\t\t\t\t\t<div class=\"elementor-icon-box-wrapper\">\n\n\t\t\t\t\t\t<div class=\"elementor-icon-box-icon\">\n\t\t\t\t<span  class=\"elementor-icon\">\n\t\t\t\t<i aria-hidden=\"true\" class=\"fas fa-map-marker-alt\"><\/i>\t\t\t\t<\/span>\n\t\t\t<\/div>\n\t\t\t\n\t\t\t\t\t\t<div class=\"elementor-icon-box-content\">\n\n\t\t\t\t\t\t\t\t\t<h3 class=\"elementor-icon-box-title\">\n\t\t\t\t\t\t<span  >\n\t\t\t\t\t\t\tRua Alexandre Herculano, 175 R\/C, 2005-181 Santar\u00e9m \u2013 PORTUGAL\t\t\t\t\t\t<\/span>\n\t\t\t\t\t<\/h3>\n\t\t\t\t\n\t\t\t\t\n\t\t\t<\/div>\n\t\t\t\n\t\t<\/div>\n\t\t\t\t\t\t<\/div>\n\t\t\t\t<\/div>\n\t\t\t\t<\/div>\n\t\t<div class=\"elementor-element elementor-element-826bf33 e-con-full e-flex e-con e-child\" data-id=\"826bf33\" data-element_type=\"container\">\n\t\t\t\t<div class=\"elementor-element elementor-element-476edba elementor-view-default elementor-position-top elementor-mobile-position-top elementor-widget elementor-widget-icon-box\" data-id=\"476edba\" data-element_type=\"widget\" data-widget_type=\"icon-box.default\">\n\t\t\t\t<div class=\"elementor-widget-container\">\n\t\t\t\t\t\t\t<div class=\"elementor-icon-box-wrapper\">\n\n\t\t\t\t\t\t<div class=\"elementor-icon-box-icon\">\n\t\t\t\t<a href=\"mailto:geral@elt.pt\" class=\"elementor-icon\" tabindex=\"-1\" aria-label=\"geral@elt.pt\">\n\t\t\t\t<i aria-hidden=\"true\" class=\"fas fa-envelope\"><\/i>\t\t\t\t<\/a>\n\t\t\t<\/div>\n\t\t\t\n\t\t\t\t\t\t<div class=\"elementor-icon-box-content\">\n\n\t\t\t\t\t\t\t\t\t<h3 class=\"elementor-icon-box-title\">\n\t\t\t\t\t\t<a href=\"mailto:geral@elt.pt\" >\n\t\t\t\t\t\t\tgeral@elt.pt\t\t\t\t\t\t<\/a>\n\t\t\t\t\t<\/h3>\n\t\t\t\t\n\t\t\t\t\n\t\t\t<\/div>\n\t\t\t\n\t\t<\/div>\n\t\t\t\t\t\t<\/div>\n\t\t\t\t<\/div>\n\t\t\t\t<\/div>\n\t\t<div class=\"elementor-element elementor-element-147c29a e-con-full e-flex e-con e-child\" data-id=\"147c29a\" data-element_type=\"container\">\n\t\t\t\t<div class=\"elementor-element elementor-element-afa000d elementor-view-default elementor-position-top elementor-mobile-position-top elementor-widget elementor-widget-icon-box\" data-id=\"afa000d\" data-element_type=\"widget\" data-widget_type=\"icon-box.default\">\n\t\t\t\t<div class=\"elementor-widget-container\">\n\t\t\t\t\t\t\t<div class=\"elementor-icon-box-wrapper\">\n\n\t\t\t\t\t\t<div class=\"elementor-icon-box-icon\">\n\t\t\t\t<a href=\"tel:+351243307040\" class=\"elementor-icon\" tabindex=\"-1\" aria-label=\"+351 243 30 70 40 &lt;br&gt; +351 243 33 31 60\">\n\t\t\t\t<i aria-hidden=\"true\" class=\"fas fa-phone\"><\/i>\t\t\t\t<\/a>\n\t\t\t<\/div>\n\t\t\t\n\t\t\t\t\t\t<div class=\"elementor-icon-box-content\">\n\n\t\t\t\t\t\t\t\t\t<h3 class=\"elementor-icon-box-title\">\n\t\t\t\t\t\t<a href=\"tel:+351243307040\" >\n\t\t\t\t\t\t\t+351 243 30 70 40 <br> +351 243 33 31 60\t\t\t\t\t\t<\/a>\n\t\t\t\t\t<\/h3>\n\t\t\t\t\n\t\t\t\t\t\t\t\t\t<p class=\"elementor-icon-box-description\">\n\t\t\t\t\t\t(Call to Portuguese fixed network)\t\t\t\t\t<\/p>\n\t\t\t\t\n\t\t\t<\/div>\n\t\t\t\n\t\t<\/div>\n\t\t\t\t\t\t<\/div>\n\t\t\t\t<\/div>\n\t\t\t\t<\/div>\n\t\t\t\t\t<\/div>\n\t\t\t\t<\/div>\n\t\t<div class=\"elementor-element elementor-element-72f66ab e-flex e-con-boxed e-con e-parent\" data-id=\"72f66ab\" data-element_type=\"container\">\n\t\t\t\t\t<div class=\"e-con-inner\">\n\t\t\t\t<div class=\"elementor-element elementor-element-870bca2 elementor-widget elementor-widget-heading\" data-id=\"870bca2\" data-element_type=\"widget\" data-widget_type=\"heading.default\">\n\t\t\t\t<div class=\"elementor-widget-container\">\n\t\t\t\t\t<h2 class=\"elementor-heading-title elementor-size-default\">Contact us<\/h2>\t\t\t\t<\/div>\n\t\t\t\t<\/div>\n\t\t\t\t<div class=\"elementor-element elementor-element-3035acf elementor-widget-divider--view-line elementor-widget elementor-widget-divider\" data-id=\"3035acf\" data-element_type=\"widget\" data-widget_type=\"divider.default\">\n\t\t\t\t<div class=\"elementor-widget-container\">\n\t\t\t\t\t\t\t<div class=\"elementor-divider\">\n\t\t\t<span class=\"elementor-divider-separator\">\n\t\t\t\t\t\t<\/span>\n\t\t<\/div>\n\t\t\t\t\t\t<\/div>\n\t\t\t\t<\/div>\n\t\t\t\t\t<\/div>\n\t\t\t\t<\/div>\n\t\t<div class=\"elementor-element elementor-element-dbab603 e-flex e-con-boxed e-con e-parent\" data-id=\"dbab603\" data-element_type=\"container\">\n\t\t\t\t\t<div class=\"e-con-inner\">\n\t\t\t\t<div class=\"elementor-element elementor-element-ac35770 elementor-button-align-start elementor-widget elementor-widget-form\" data-id=\"ac35770\" data-element_type=\"widget\" data-settings=\"{&quot;step_next_label&quot;:&quot;Next&quot;,&quot;step_previous_label&quot;:&quot;Anterior&quot;,&quot;button_width&quot;:&quot;100&quot;,&quot;step_type&quot;:&quot;number_text&quot;,&quot;step_icon_shape&quot;:&quot;circle&quot;}\" data-widget_type=\"form.default\">\n\t\t\t\t<div class=\"elementor-widget-container\">\n\t\t\t\t\t\t\t<form class=\"elementor-form\" method=\"post\" id=\"11electro\" name=\"New Form\">\n\t\t\t<input type=\"hidden\" name=\"post_id\" value=\"1079\"\/>\n\t\t\t<input type=\"hidden\" name=\"form_id\" value=\"ac35770\"\/>\n\t\t\t<input type=\"hidden\" name=\"referer_title\" value=\"Elt.pt\" \/>\n\n\t\t\t\n\t\t\t<div class=\"elementor-form-fields-wrapper elementor-labels-above\">\n\t\t\t\t\t\t\t\t<div class=\"elementor-field-type-text elementor-field-group elementor-column elementor-field-group-name elementor-col-50 elementor-field-required elementor-mark-required\">\n\t\t\t\t\t\t\t\t\t\t\t\t\t<input size=\"1\" type=\"text\" name=\"form_fields[name]\" id=\"form-field-name\" class=\"elementor-field elementor-size-sm  elementor-field-textual\" placeholder=\"Name\" required=\"required\" aria-required=\"true\">\n\t\t\t\t\t\t\t\t\t\t\t<\/div>\n\t\t\t\t\t\t\t\t<div class=\"elementor-field-type-email elementor-field-group elementor-column elementor-field-group-email elementor-col-50 elementor-field-required elementor-mark-required\">\n\t\t\t\t\t\t\t\t\t\t\t\t\t<input size=\"1\" type=\"email\" name=\"form_fields[email]\" id=\"form-field-email\" class=\"elementor-field elementor-size-sm  elementor-field-textual\" placeholder=\"Email\" required=\"required\" aria-required=\"true\">\n\t\t\t\t\t\t\t\t\t\t\t<\/div>\n\t\t\t\t\t\t\t\t<div class=\"elementor-field-type-text elementor-field-group elementor-column elementor-field-group-field_decac62 elementor-col-50 elementor-field-required elementor-mark-required\">\n\t\t\t\t\t\t\t\t\t\t\t\t\t<input size=\"1\" type=\"text\" name=\"form_fields[field_decac62]\" id=\"form-field-field_decac62\" class=\"elementor-field elementor-size-sm  elementor-field-textual\" placeholder=\"Subject\" required=\"required\" aria-required=\"true\">\n\t\t\t\t\t\t\t\t\t\t\t<\/div>\n\t\t\t\t\t\t\t\t<div class=\"elementor-field-type-tel elementor-field-group elementor-column elementor-field-group-field_769c1db elementor-col-50 elementor-field-required elementor-mark-required\">\n\t\t\t\t\t\t\t<input size=\"1\" type=\"tel\" name=\"form_fields[field_769c1db]\" id=\"form-field-field_769c1db\" class=\"elementor-field elementor-size-sm  elementor-field-textual\" placeholder=\"Phone Number\" required=\"required\" aria-required=\"true\" pattern=\"[0-9()#&amp;+*-=.]+\" title=\"Only numbers and phone characters (#, -, *, etc) are accepted.\">\n\n\t\t\t\t\t\t<\/div>\n\t\t\t\t\t\t\t\t<div class=\"elementor-field-type-textarea elementor-field-group elementor-column elementor-field-group-message elementor-col-100 elementor-field-required elementor-mark-required\">\n\t\t\t\t\t<textarea class=\"elementor-field-textual elementor-field  elementor-size-sm\" name=\"form_fields[message]\" id=\"form-field-message\" rows=\"4\" placeholder=\"Message\" required=\"required\" aria-required=\"true\"><\/textarea>\t\t\t\t<\/div>\n\t\t\t\t\t\t\t\t<div class=\"elementor-field-group elementor-column elementor-field-type-submit elementor-col-100 e-form__buttons\">\n\t\t\t\t\t<button type=\"submit\" class=\"elementor-button elementor-size-sm\">\n\t\t\t\t\t\t<span >\n\t\t\t\t\t\t\t\t\t\t\t\t\t\t\t<span class=\" elementor-button-icon\">\n\t\t\t\t\t\t\t\t\t\t\t\t\t\t\t\t\t\t\t\t\t\t\t\t\t\t<\/span>\n\t\t\t\t\t\t\t\t\t\t\t\t\t\t\t\t\t\t\t\t\t\t<span class=\"elementor-button-text\">SEND<\/span>\n\t\t\t\t\t\t\t\t\t\t\t\t\t<\/span>\n\t\t\t\t\t<\/button>\n\t\t\t\t<\/div>\n\t\t\t<\/div>\n\t\t<\/form>\n\t\t\t\t\t\t<\/div>\n\t\t\t\t<\/div>\n\t\t\t\t\t<\/div>\n\t\t\t\t<\/div>\n\t\t\t\t<\/div>\n\t\t","protected":false},"excerpt":{"rendered":"<p>Rua Alexandre Herculano, 175 R\/C, 2005-181 Santar\u00e9m \u2013 PORTUGAL geral@elt.pt +351 243 30 70 40 +351 243 33 31 60 (Call to Portuguese fixed network) Contact us<\/p>\n","protected":false},"author":5,"featured_media":0,"parent":0,"menu_order":0,"comment_status":"closed","ping_status":"closed","template":"","meta":{"footnotes":""},"class_list":["post-1079","page","type-page","status-publish","hentry"],"yoast_head":"<!-- This site is optimized with the Yoast SEO plugin v26.1.1 - https:\/\/yoast.com\/wordpress\/plugins\/seo\/ -->\n<title>Contact - Elt.pt<\/title>\n<meta name=\"robots\" content=\"index, follow, max-snippet:-1, max-image-preview:large, max-video-preview:-1\" \/>\n<link rel=\"canonical\" href=\"http:\/\/elt.pt\/en\/contact\/\" \/>\n<meta property=\"og:locale\" content=\"en_US\" \/>\n<meta property=\"og:type\" content=\"article\" \/>\n<meta property=\"og:title\" content=\"Contact - Elt.pt\" \/>\n<meta property=\"og:description\" content=\"Rua Alexandre Herculano, 175 R\/C, 2005-181 Santar\u00e9m \u2013 PORTUGAL geral@elt.pt +351 243 30 70 40 +351 243 33 31 60 (Call to Portuguese fixed network) Contact us\" \/>\n<meta property=\"og:url\" content=\"http:\/\/elt.pt\/en\/contact\/\" \/>\n<meta property=\"og:site_name\" content=\"Elt.pt\" \/>\n<meta property=\"article:publisher\" content=\"https:\/\/www.facebook.com\/ElectrorecambioPT\" \/>\n<meta property=\"article:modified_time\" content=\"2025-10-16T15:33:15+00:00\" \/>\n<meta name=\"twitter:card\" content=\"summary_large_image\" \/>\n<meta name=\"twitter:label1\" content=\"Est. reading time\" \/>\n\t<meta name=\"twitter:data1\" content=\"1 minute\" \/>\n<script type=\"application\/ld+json\" class=\"yoast-schema-graph\">{\"@context\":\"https:\/\/schema.org\",\"@graph\":[{\"@type\":\"WebPage\",\"@id\":\"http:\/\/elt.pt\/en\/contact\/\",\"url\":\"http:\/\/elt.pt\/en\/contact\/\",\"name\":\"Contact - Elt.pt\",\"isPartOf\":{\"@id\":\"http:\/\/elt.pt\/en\/#website\"},\"datePublished\":\"2024-11-07T14:59:10+00:00\",\"dateModified\":\"2025-10-16T15:33:15+00:00\",\"breadcrumb\":{\"@id\":\"http:\/\/elt.pt\/en\/contact\/#breadcrumb\"},\"inLanguage\":\"en-US\",\"potentialAction\":[{\"@type\":\"ReadAction\",\"target\":[\"http:\/\/elt.pt\/en\/contact\/\"]}]},{\"@type\":\"BreadcrumbList\",\"@id\":\"http:\/\/elt.pt\/en\/contact\/#breadcrumb\",\"itemListElement\":[{\"@type\":\"ListItem\",\"position\":1,\"name\":\"In\u00edcio\",\"item\":\"http:\/\/elt.pt\/en\/\"},{\"@type\":\"ListItem\",\"position\":2,\"name\":\"CONTACT\"}]},{\"@type\":\"WebSite\",\"@id\":\"http:\/\/elt.pt\/en\/#website\",\"url\":\"http:\/\/elt.pt\/en\/\",\"name\":\"Electrorecambio\",\"description\":\"Climatiza\u00e7\u00e3o E Ventila\u00e7\u00e3o, Lda.\",\"publisher\":{\"@id\":\"http:\/\/elt.pt\/en\/#organization\"},\"potentialAction\":[{\"@type\":\"SearchAction\",\"target\":{\"@type\":\"EntryPoint\",\"urlTemplate\":\"http:\/\/elt.pt\/en\/?s={search_term_string}\"},\"query-input\":{\"@type\":\"PropertyValueSpecification\",\"valueRequired\":true,\"valueName\":\"search_term_string\"}}],\"inLanguage\":\"en-US\"},{\"@type\":\"Organization\",\"@id\":\"http:\/\/elt.pt\/en\/#organization\",\"name\":\"Electrorecambio\",\"url\":\"http:\/\/elt.pt\/en\/\",\"logo\":{\"@type\":\"ImageObject\",\"inLanguage\":\"en-US\",\"@id\":\"http:\/\/elt.pt\/en\/#\/schema\/logo\/image\/\",\"url\":\"\",\"contentUrl\":\"\",\"caption\":\"Electrorecambio\"},\"image\":{\"@id\":\"http:\/\/elt.pt\/en\/#\/schema\/logo\/image\/\"},\"sameAs\":[\"https:\/\/www.facebook.com\/ElectrorecambioPT\"]}]}<\/script>\n<!-- \/ Yoast SEO plugin. -->","yoast_head_json":{"title":"Contact - Elt.pt","robots":{"index":"index","follow":"follow","max-snippet":"max-snippet:-1","max-image-preview":"max-image-preview:large","max-video-preview":"max-video-preview:-1"},"canonical":"http:\/\/elt.pt\/en\/contact\/","og_locale":"en_US","og_type":"article","og_title":"Contact - Elt.pt","og_description":"Rua Alexandre Herculano, 175 R\/C, 2005-181 Santar\u00e9m \u2013 PORTUGAL geral@elt.pt +351 243 30 70 40 +351 243 33 31 60 (Call to Portuguese fixed network) Contact us","og_url":"http:\/\/elt.pt\/en\/contact\/","og_site_name":"Elt.pt","article_publisher":"https:\/\/www.facebook.com\/ElectrorecambioPT","article_modified_time":"2025-10-16T15:33:15+00:00","twitter_card":"summary_large_image","twitter_misc":{"Est. reading time":"1 minute"},"schema":{"@context":"https:\/\/schema.org","@graph":[{"@type":"WebPage","@id":"http:\/\/elt.pt\/en\/contact\/","url":"http:\/\/elt.pt\/en\/contact\/","name":"Contact - Elt.pt","isPartOf":{"@id":"http:\/\/elt.pt\/en\/#website"},"datePublished":"2024-11-07T14:59:10+00:00","dateModified":"2025-10-16T15:33:15+00:00","breadcrumb":{"@id":"http:\/\/elt.pt\/en\/contact\/#breadcrumb"},"inLanguage":"en-US","potentialAction":[{"@type":"ReadAction","target":["http:\/\/elt.pt\/en\/contact\/"]}]},{"@type":"BreadcrumbList","@id":"http:\/\/elt.pt\/en\/contact\/#breadcrumb","itemListElement":[{"@type":"ListItem","position":1,"name":"In\u00edcio","item":"http:\/\/elt.pt\/en\/"},{"@type":"ListItem","position":2,"name":"CONTACT"}]},{"@type":"WebSite","@id":"http:\/\/elt.pt\/en\/#website","url":"http:\/\/elt.pt\/en\/","name":"Electrorecambio","description":"Climatiza\u00e7\u00e3o E Ventila\u00e7\u00e3o, Lda.","publisher":{"@id":"http:\/\/elt.pt\/en\/#organization"},"potentialAction":[{"@type":"SearchAction","target":{"@type":"EntryPoint","urlTemplate":"http:\/\/elt.pt\/en\/?s={search_term_string}"},"query-input":{"@type":"PropertyValueSpecification","valueRequired":true,"valueName":"search_term_string"}}],"inLanguage":"en-US"},{"@type":"Organization","@id":"http:\/\/elt.pt\/en\/#organization","name":"Electrorecambio","url":"http:\/\/elt.pt\/en\/","logo":{"@type":"ImageObject","inLanguage":"en-US","@id":"http:\/\/elt.pt\/en\/#\/schema\/logo\/image\/","url":"","contentUrl":"","caption":"Electrorecambio"},"image":{"@id":"http:\/\/elt.pt\/en\/#\/schema\/logo\/image\/"},"sameAs":["https:\/\/www.facebook.com\/ElectrorecambioPT"]}]}},"_links":{"self":[{"href":"http:\/\/elt.pt\/en\/wp-json\/wp\/v2\/pages\/1079","targetHints":{"allow":["GET"]}}],"collection":[{"href":"http:\/\/elt.pt\/en\/wp-json\/wp\/v2\/pages"}],"about":[{"href":"http:\/\/elt.pt\/en\/wp-json\/wp\/v2\/types\/page"}],"author":[{"embeddable":true,"href":"http:\/\/elt.pt\/en\/wp-json\/wp\/v2\/users\/5"}],"replies":[{"embeddable":true,"href":"http:\/\/elt.pt\/en\/wp-json\/wp\/v2\/comments?post=1079"}],"version-history":[{"count":21,"href":"http:\/\/elt.pt\/en\/wp-json\/wp\/v2\/pages\/1079\/revisions"}],"predecessor-version":[{"id":1467,"href":"http:\/\/elt.pt\/en\/wp-json\/wp\/v2\/pages\/1079\/revisions\/1467"}],"wp:attachment":[{"href":"http:\/\/elt.pt\/en\/wp-json\/wp\/v2\/media?parent=1079"}],"curies":[{"name":"wp","href":"https:\/\/api.w.org\/{rel}","templated":true}]}}