{"id":1099,"date":"2024-11-07T15:20:18","date_gmt":"2024-11-07T15:20:18","guid":{"rendered":"http:\/\/elt.pt\/quem-somos-copy\/"},"modified":"2025-03-26T17:16:08","modified_gmt":"2025-03-26T17:16:08","slug":"about-us","status":"publish","type":"page","link":"http:\/\/elt.pt\/en\/about-us\/","title":{"rendered":"ABOUT US"},"content":{"rendered":"\t\t<div data-elementor-type=\"wp-page\" data-elementor-id=\"1099\" class=\"elementor elementor-1099\" data-elementor-post-type=\"page\">\n\t\t\t\t<div class=\"elementor-element elementor-element-540a99e e-con-full elementor-hidden-desktop e-flex e-con e-child\" data-id=\"540a99e\" data-element_type=\"container\">\n\t\t\t\t<div class=\"elementor-element elementor-element-cfe37a5 elementor-widget elementor-widget-image\" data-id=\"cfe37a5\" data-element_type=\"widget\" data-widget_type=\"image.default\">\n\t\t\t\t<div class=\"elementor-widget-container\">\n\t\t\t\t\t\t\t\t\t\t\t\t\t\t\t<img fetchpriority=\"high\" decoding=\"async\" width=\"800\" height=\"544\" src=\"http:\/\/elt.pt\/wp-content\/uploads\/2024\/02\/quem-somos.jpg\" class=\"attachment-large size-large wp-image-1016\" alt=\"\" srcset=\"http:\/\/elt.pt\/wp-content\/uploads\/2024\/02\/quem-somos.jpg 827w, http:\/\/elt.pt\/wp-content\/uploads\/2024\/02\/quem-somos-300x204.jpg 300w, http:\/\/elt.pt\/wp-content\/uploads\/2024\/02\/quem-somos-768x522.jpg 768w\" sizes=\"(max-width: 800px) 100vw, 800px\" \/>\t\t\t\t\t\t\t\t\t\t\t\t\t\t\t<\/div>\n\t\t\t\t<\/div>\n\t\t\t\t<\/div>\n\t\t<div class=\"elementor-element elementor-element-9e74823 e-flex e-con-boxed e-con e-parent\" data-id=\"9e74823\" data-element_type=\"container\">\n\t\t\t\t\t<div class=\"e-con-inner\">\n\t\t<div class=\"elementor-element elementor-element-bce8966 e-con-full e-flex e-con e-child\" data-id=\"bce8966\" data-element_type=\"container\">\n\t\t\t\t<div class=\"elementor-element elementor-element-9bdd65b elementor-widget elementor-widget-heading\" data-id=\"9bdd65b\" data-element_type=\"widget\" data-widget_type=\"heading.default\">\n\t\t\t\t<div class=\"elementor-widget-container\">\n\t\t\t\t\t<h2 class=\"elementor-heading-title elementor-size-default\">About Us<\/h2>\t\t\t\t<\/div>\n\t\t\t\t<\/div>\n\t\t\t\t<div class=\"elementor-element elementor-element-11de1f3 elementor-widget-divider--view-line elementor-widget elementor-widget-divider\" data-id=\"11de1f3\" data-element_type=\"widget\" data-widget_type=\"divider.default\">\n\t\t\t\t<div class=\"elementor-widget-container\">\n\t\t\t\t\t\t\t<div class=\"elementor-divider\">\n\t\t\t<span class=\"elementor-divider-separator\">\n\t\t\t\t\t\t<\/span>\n\t\t<\/div>\n\t\t\t\t\t\t<\/div>\n\t\t\t\t<\/div>\n\t\t\t\t<div class=\"elementor-element elementor-element-e99efbb elementor-widget elementor-widget-text-editor\" data-id=\"e99efbb\" data-element_type=\"widget\" data-widget_type=\"text-editor.default\">\n\t\t\t\t<div class=\"elementor-widget-container\">\n\t\t\t\t\t\t\t\t\t<span style=\"font-weight: 400;\">ELT AVAC, founded in 1984, is a certified Portuguese company specializing in the industrial, commercial and domestic heating and air conditioning sector, with technical and engineering staff who provide quality services in the areas of solution development, installation, maintenance and technical assessments.<\/span>\t\t\t\t\t\t\t\t<\/div>\n\t\t\t\t<\/div>\n\t\t\t\t<div class=\"elementor-element elementor-element-82b7439 elementor-widget elementor-widget-text-editor\" data-id=\"82b7439\" data-element_type=\"widget\" data-widget_type=\"text-editor.default\">\n\t\t\t\t<div class=\"elementor-widget-container\">\n\t\t\t\t\t\t\t\t\t<span style=\"font-weight: 400;\">ELT has great expertise in energy production equipment, such as chillers and boilers, as well as all the systems associated with HVAC installations, smoke extraction and centralized technical management for industrial and commercial buildings. In this context, it is one of the market&#8217;s reference companies.<\/span>\n<br><br>\n<span style=\"font-weight: 400;\">We operate in the areas of solution development, installation, maintenance and technical assessments of HVAC systems and renewable energies. We work with renowned brands on the market.<\/span>\t\t\t\t\t\t\t\t<\/div>\n\t\t\t\t<\/div>\n\t\t\t\t<div class=\"elementor-element elementor-element-cf82858 elementor-align-left elementor-mobile-align-center elementor-widget elementor-widget-button\" data-id=\"cf82858\" data-element_type=\"widget\" data-widget_type=\"button.default\">\n\t\t\t\t<div class=\"elementor-widget-container\">\n\t\t\t\t\t\t\t\t\t<div class=\"elementor-button-wrapper\">\n\t\t\t\t\t<a class=\"elementor-button elementor-button-link elementor-size-sm\" href=\"\/en\/services\">\n\t\t\t\t\t\t<span class=\"elementor-button-content-wrapper\">\n\t\t\t\t\t\t\t\t\t<span class=\"elementor-button-text\">SERVICES<\/span>\n\t\t\t\t\t<\/span>\n\t\t\t\t\t<\/a>\n\t\t\t\t<\/div>\n\t\t\t\t\t\t\t\t<\/div>\n\t\t\t\t<\/div>\n\t\t\t\t<\/div>\n\t\t<div class=\"elementor-element elementor-element-37f05a2 e-con-full elementor-hidden-tablet elementor-hidden-mobile e-flex e-con e-child\" data-id=\"37f05a2\" data-element_type=\"container\">\n\t\t\t\t<div class=\"elementor-element elementor-element-9e1ac1f elementor-widget elementor-widget-image\" data-id=\"9e1ac1f\" data-element_type=\"widget\" data-widget_type=\"image.default\">\n\t\t\t\t<div class=\"elementor-widget-container\">\n\t\t\t\t\t\t\t\t\t\t\t\t\t\t\t<img fetchpriority=\"high\" decoding=\"async\" width=\"800\" height=\"544\" src=\"http:\/\/elt.pt\/wp-content\/uploads\/2024\/02\/quem-somos.jpg\" class=\"attachment-large size-large wp-image-1016\" alt=\"\" srcset=\"http:\/\/elt.pt\/wp-content\/uploads\/2024\/02\/quem-somos.jpg 827w, http:\/\/elt.pt\/wp-content\/uploads\/2024\/02\/quem-somos-300x204.jpg 300w, http:\/\/elt.pt\/wp-content\/uploads\/2024\/02\/quem-somos-768x522.jpg 768w\" sizes=\"(max-width: 800px) 100vw, 800px\" \/>\t\t\t\t\t\t\t\t\t\t\t\t\t\t\t<\/div>\n\t\t\t\t<\/div>\n\t\t\t\t<\/div>\n\t\t\t\t\t<\/div>\n\t\t\t\t<\/div>\n\t\t<div class=\"elementor-element elementor-element-4c7cfcc e-con-full e-flex e-con e-parent\" data-id=\"4c7cfcc\" data-element_type=\"container\" data-settings=\"{&quot;background_background&quot;:&quot;classic&quot;}\">\n\t\t\t\t<\/div>\n\t\t<div class=\"elementor-element elementor-element-2f0635c e-flex e-con-boxed e-con e-parent\" data-id=\"2f0635c\" data-element_type=\"container\">\n\t\t\t\t\t<div class=\"e-con-inner\">\n\t\t<div class=\"elementor-element elementor-element-137f1ca e-con-full e-flex e-con e-child\" data-id=\"137f1ca\" data-element_type=\"container\">\n\t\t\t\t<div class=\"elementor-element elementor-element-d245f05 elementor-widget elementor-widget-icon-box\" data-id=\"d245f05\" data-element_type=\"widget\" data-widget_type=\"icon-box.default\">\n\t\t\t\t<div class=\"elementor-widget-container\">\n\t\t\t\t\t\t\t<div class=\"elementor-icon-box-wrapper\">\n\n\t\t\t\n\t\t\t\t\t\t<div class=\"elementor-icon-box-content\">\n\n\t\t\t\t\t\t\t\t\t<h3 class=\"elementor-icon-box-title\">\n\t\t\t\t\t\t<span  >\n\t\t\t\t\t\t\tVision\t\t\t\t\t\t<\/span>\n\t\t\t\t\t<\/h3>\n\t\t\t\t\n\t\t\t\t\t\t\t\t\t<p class=\"elementor-icon-box-description\">\n\t\t\t\t\t\tElectrorec\u00e2mbio has the goal and commitment to be a recognized and respected company in the market, in accordance with our clients' expectations. Since it was founded in 1984, it has continued to apply this vision and objective to every project it undertakes.\t\t\t\t\t<\/p>\n\t\t\t\t\n\t\t\t<\/div>\n\t\t\t\n\t\t<\/div>\n\t\t\t\t\t\t<\/div>\n\t\t\t\t<\/div>\n\t\t\t\t<div class=\"elementor-element elementor-element-879b6c8 elementor-widget elementor-widget-icon-box\" data-id=\"879b6c8\" data-element_type=\"widget\" data-widget_type=\"icon-box.default\">\n\t\t\t\t<div class=\"elementor-widget-container\">\n\t\t\t\t\t\t\t<div class=\"elementor-icon-box-wrapper\">\n\n\t\t\t\n\t\t\t\t\t\t<div class=\"elementor-icon-box-content\">\n\n\t\t\t\t\t\t\t\t\t<h3 class=\"elementor-icon-box-title\">\n\t\t\t\t\t\t<span  >\n\t\t\t\t\t\t\tQuality policy\t\t\t\t\t\t<\/span>\n\t\t\t\t\t<\/h3>\n\t\t\t\t\n\t\t\t\t\t\t\t\t\t<p class=\"elementor-icon-box-description\">\n\t\t\t\t\t\tContinuously improving the professional qualifications and motivation of its employees through regular attendance at seminars, courses and specific training activities. We always aim to act in a safe, socially responsible and sustainable way, with the minimum impact of our activities on the environment around us.\t\t\t\t\t<\/p>\n\t\t\t\t\n\t\t\t<\/div>\n\t\t\t\n\t\t<\/div>\n\t\t\t\t\t\t<\/div>\n\t\t\t\t<\/div>\n\t\t\t\t<\/div>\n\t\t<div class=\"elementor-element elementor-element-9fbf9f4 e-con-full e-flex e-con e-child\" data-id=\"9fbf9f4\" data-element_type=\"container\">\n\t\t\t\t<div class=\"elementor-element elementor-element-480cd25 elementor-widget elementor-widget-icon-box\" data-id=\"480cd25\" data-element_type=\"widget\" data-widget_type=\"icon-box.default\">\n\t\t\t\t<div class=\"elementor-widget-container\">\n\t\t\t\t\t\t\t<div class=\"elementor-icon-box-wrapper\">\n\n\t\t\t\n\t\t\t\t\t\t<div class=\"elementor-icon-box-content\">\n\n\t\t\t\t\t\t\t\t\t<h3 class=\"elementor-icon-box-title\">\n\t\t\t\t\t\t<span  >\n\t\t\t\t\t\t\tValues\t\t\t\t\t\t<\/span>\n\t\t\t\t\t<\/h3>\n\t\t\t\t\n\t\t\t\t\t\t\t\t\t<p class=\"elementor-icon-box-description\">\n\t\t\t\t\t\tApplying all our technical and human skills, we undertake all our commitments in order to guarantee our clients' requirements. Our mission is to achieve maximum trust by acting with quality, rigor and seriousness.\t\t\t\t\t<\/p>\n\t\t\t\t\n\t\t\t<\/div>\n\t\t\t\n\t\t<\/div>\n\t\t\t\t\t\t<\/div>\n\t\t\t\t<\/div>\n\t\t\t\t<div class=\"elementor-element elementor-element-3d0b3ea elementor-widget elementor-widget-icon-box\" data-id=\"3d0b3ea\" data-element_type=\"widget\" data-widget_type=\"icon-box.default\">\n\t\t\t\t<div class=\"elementor-widget-container\">\n\t\t\t\t\t\t\t<div class=\"elementor-icon-box-wrapper\">\n\n\t\t\t\n\t\t\t\t\t\t<div class=\"elementor-icon-box-content\">\n\n\t\t\t\t\t\t\t\t\t<h3 class=\"elementor-icon-box-title\">\n\t\t\t\t\t\t<span  >\n\t\t\t\t\t\t\tConduct Code\t\t\t\t\t\t<\/span>\n\t\t\t\t\t<\/h3>\n\t\t\t\t\n\t\t\t\t\t\t\t\t\t<p class=\"elementor-icon-box-description\">\n\t\t\t\t\t\tOur employees have a personal responsibility to follow the highest standards of ethical conduct and integrity. Our company's greatest asset lies in the professionalism of its employees. Since we usually work as a team, mutual respect is the basis of working relationships.\t\t\t\t\t<\/p>\n\t\t\t\t\n\t\t\t<\/div>\n\t\t\t\n\t\t<\/div>\n\t\t\t\t\t\t<\/div>\n\t\t\t\t<\/div>\n\t\t\t\t<\/div>\n\t\t\t\t\t<\/div>\n\t\t\t\t<\/div>\n\t\t<div class=\"elementor-element elementor-element-228c011 e-flex e-con-boxed e-con e-parent\" data-id=\"228c011\" data-element_type=\"container\">\n\t\t\t\t\t<div class=\"e-con-inner\">\n\t\t\t\t<div class=\"elementor-element elementor-element-1b57b97 elementor-widget elementor-widget-heading\" data-id=\"1b57b97\" data-element_type=\"widget\" data-widget_type=\"heading.default\">\n\t\t\t\t<div class=\"elementor-widget-container\">\n\t\t\t\t\t<h2 class=\"elementor-heading-title elementor-size-default\">Contact us<\/h2>\t\t\t\t<\/div>\n\t\t\t\t<\/div>\n\t\t\t\t<div class=\"elementor-element elementor-element-83ae31c elementor-widget-divider--view-line elementor-widget elementor-widget-divider\" data-id=\"83ae31c\" data-element_type=\"widget\" data-widget_type=\"divider.default\">\n\t\t\t\t<div class=\"elementor-widget-container\">\n\t\t\t\t\t\t\t<div class=\"elementor-divider\">\n\t\t\t<span class=\"elementor-divider-separator\">\n\t\t\t\t\t\t<\/span>\n\t\t<\/div>\n\t\t\t\t\t\t<\/div>\n\t\t\t\t<\/div>\n\t\t\t\t\t<\/div>\n\t\t\t\t<\/div>\n\t\t<div class=\"elementor-element elementor-element-20a43a7 e-flex e-con-boxed e-con e-parent\" data-id=\"20a43a7\" data-element_type=\"container\">\n\t\t\t\t\t<div class=\"e-con-inner\">\n\t\t\t\t<div class=\"elementor-element elementor-element-b4ee451 elementor-button-align-start elementor-widget elementor-widget-form\" data-id=\"b4ee451\" data-element_type=\"widget\" data-settings=\"{&quot;step_next_label&quot;:&quot;Next&quot;,&quot;step_previous_label&quot;:&quot;Anterior&quot;,&quot;button_width&quot;:&quot;100&quot;,&quot;step_type&quot;:&quot;number_text&quot;,&quot;step_icon_shape&quot;:&quot;circle&quot;}\" data-widget_type=\"form.default\">\n\t\t\t\t<div class=\"elementor-widget-container\">\n\t\t\t\t\t\t\t<form class=\"elementor-form\" method=\"post\" id=\"11electro\" name=\"New Form\">\n\t\t\t<input type=\"hidden\" name=\"post_id\" value=\"1099\"\/>\n\t\t\t<input type=\"hidden\" name=\"form_id\" value=\"b4ee451\"\/>\n\t\t\t<input type=\"hidden\" name=\"referer_title\" value=\"Elt.pt\" \/>\n\n\t\t\t\n\t\t\t<div class=\"elementor-form-fields-wrapper elementor-labels-above\">\n\t\t\t\t\t\t\t\t<div class=\"elementor-field-type-text elementor-field-group elementor-column elementor-field-group-name elementor-col-50 elementor-field-required elementor-mark-required\">\n\t\t\t\t\t\t\t\t\t\t\t\t\t<input size=\"1\" type=\"text\" name=\"form_fields[name]\" id=\"form-field-name\" class=\"elementor-field elementor-size-sm  elementor-field-textual\" placeholder=\"Name\" required=\"required\" aria-required=\"true\">\n\t\t\t\t\t\t\t\t\t\t\t<\/div>\n\t\t\t\t\t\t\t\t<div class=\"elementor-field-type-email elementor-field-group elementor-column elementor-field-group-email elementor-col-50 elementor-field-required elementor-mark-required\">\n\t\t\t\t\t\t\t\t\t\t\t\t\t<input size=\"1\" type=\"email\" name=\"form_fields[email]\" id=\"form-field-email\" class=\"elementor-field elementor-size-sm  elementor-field-textual\" placeholder=\"Email\" required=\"required\" aria-required=\"true\">\n\t\t\t\t\t\t\t\t\t\t\t<\/div>\n\t\t\t\t\t\t\t\t<div class=\"elementor-field-type-text elementor-field-group elementor-column elementor-field-group-field_decac62 elementor-col-50 elementor-field-required elementor-mark-required\">\n\t\t\t\t\t\t\t\t\t\t\t\t\t<input size=\"1\" type=\"text\" name=\"form_fields[field_decac62]\" id=\"form-field-field_decac62\" class=\"elementor-field elementor-size-sm  elementor-field-textual\" placeholder=\"Subject\" required=\"required\" aria-required=\"true\">\n\t\t\t\t\t\t\t\t\t\t\t<\/div>\n\t\t\t\t\t\t\t\t<div class=\"elementor-field-type-tel elementor-field-group elementor-column elementor-field-group-field_769c1db elementor-col-50 elementor-field-required elementor-mark-required\">\n\t\t\t\t\t\t\t<input size=\"1\" type=\"tel\" name=\"form_fields[field_769c1db]\" id=\"form-field-field_769c1db\" class=\"elementor-field elementor-size-sm  elementor-field-textual\" placeholder=\"Phone Number\" required=\"required\" aria-required=\"true\" pattern=\"[0-9()#&amp;+*-=.]+\" title=\"Only numbers and phone characters (#, -, *, etc) are accepted.\">\n\n\t\t\t\t\t\t<\/div>\n\t\t\t\t\t\t\t\t<div class=\"elementor-field-type-textarea elementor-field-group elementor-column elementor-field-group-message elementor-col-100 elementor-field-required elementor-mark-required\">\n\t\t\t\t\t<textarea class=\"elementor-field-textual elementor-field  elementor-size-sm\" name=\"form_fields[message]\" id=\"form-field-message\" rows=\"4\" placeholder=\"Message\" required=\"required\" aria-required=\"true\"><\/textarea>\t\t\t\t<\/div>\n\t\t\t\t\t\t\t\t<div class=\"elementor-field-group elementor-column elementor-field-type-submit elementor-col-100 e-form__buttons\">\n\t\t\t\t\t<button type=\"submit\" class=\"elementor-button elementor-size-sm\">\n\t\t\t\t\t\t<span >\n\t\t\t\t\t\t\t\t\t\t\t\t\t\t\t<span class=\" elementor-button-icon\">\n\t\t\t\t\t\t\t\t\t\t\t\t\t\t\t\t\t\t\t\t\t\t\t\t\t\t<\/span>\n\t\t\t\t\t\t\t\t\t\t\t\t\t\t\t\t\t\t\t\t\t\t<span class=\"elementor-button-text\">SEND<\/span>\n\t\t\t\t\t\t\t\t\t\t\t\t\t<\/span>\n\t\t\t\t\t<\/button>\n\t\t\t\t<\/div>\n\t\t\t<\/div>\n\t\t<\/form>\n\t\t\t\t\t\t<\/div>\n\t\t\t\t<\/div>\n\t\t\t\t\t<\/div>\n\t\t\t\t<\/div>\n\t\t\t\t<\/div>\n\t\t","protected":false},"excerpt":{"rendered":"<p>About Us ELT AVAC, founded in 1984, is a certified Portuguese company specializing in the industrial, commercial and domestic heating and air conditioning sector, with technical and engineering staff who provide quality services in the areas of solution development, installation, maintenance and technical assessments.ELT has great expertise in energy production equipment, such as chillers and [&hellip;]<\/p>\n","protected":false},"author":5,"featured_media":0,"parent":0,"menu_order":0,"comment_status":"closed","ping_status":"closed","template":"","meta":{"footnotes":""},"class_list":["post-1099","page","type-page","status-publish","hentry"],"yoast_head":"<!-- This site is optimized with the Yoast SEO plugin v26.1.1 - https:\/\/yoast.com\/wordpress\/plugins\/seo\/ -->\n<title>About Us - Elt.pt<\/title>\n<meta name=\"robots\" content=\"index, follow, max-snippet:-1, max-image-preview:large, max-video-preview:-1\" \/>\n<link rel=\"canonical\" href=\"http:\/\/elt.pt\/en\/about-us\/\" \/>\n<meta property=\"og:locale\" content=\"en_US\" \/>\n<meta property=\"og:type\" content=\"article\" \/>\n<meta property=\"og:title\" content=\"About Us - Elt.pt\" \/>\n<meta property=\"og:description\" content=\"About Us ELT AVAC, founded in 1984, is a certified Portuguese company specializing in the industrial, commercial and domestic heating and air conditioning sector, with technical and engineering staff who provide quality services in the areas of solution development, installation, maintenance and technical assessments.ELT has great expertise in energy production equipment, such as chillers and [&hellip;]\" \/>\n<meta property=\"og:url\" content=\"http:\/\/elt.pt\/en\/about-us\/\" \/>\n<meta property=\"og:site_name\" content=\"Elt.pt\" \/>\n<meta property=\"article:publisher\" content=\"https:\/\/www.facebook.com\/ElectrorecambioPT\" \/>\n<meta property=\"article:modified_time\" content=\"2025-03-26T17:16:08+00:00\" \/>\n<meta property=\"og:image\" content=\"http:\/\/elt.pt\/wp-content\/uploads\/2024\/02\/quem-somos.jpg\" \/>\n<meta name=\"twitter:card\" content=\"summary_large_image\" \/>\n<meta name=\"twitter:label1\" content=\"Est. reading time\" \/>\n\t<meta name=\"twitter:data1\" content=\"1 minute\" \/>\n<script type=\"application\/ld+json\" class=\"yoast-schema-graph\">{\"@context\":\"https:\/\/schema.org\",\"@graph\":[{\"@type\":\"WebPage\",\"@id\":\"http:\/\/elt.pt\/en\/about-us\/\",\"url\":\"http:\/\/elt.pt\/en\/about-us\/\",\"name\":\"About Us - Elt.pt\",\"isPartOf\":{\"@id\":\"http:\/\/elt.pt\/en\/#website\"},\"primaryImageOfPage\":{\"@id\":\"http:\/\/elt.pt\/en\/about-us\/#primaryimage\"},\"image\":{\"@id\":\"http:\/\/elt.pt\/en\/about-us\/#primaryimage\"},\"thumbnailUrl\":\"http:\/\/elt.pt\/wp-content\/uploads\/2024\/02\/quem-somos.jpg\",\"datePublished\":\"2024-11-07T15:20:18+00:00\",\"dateModified\":\"2025-03-26T17:16:08+00:00\",\"breadcrumb\":{\"@id\":\"http:\/\/elt.pt\/en\/about-us\/#breadcrumb\"},\"inLanguage\":\"en-US\",\"potentialAction\":[{\"@type\":\"ReadAction\",\"target\":[\"http:\/\/elt.pt\/en\/about-us\/\"]}]},{\"@type\":\"ImageObject\",\"inLanguage\":\"en-US\",\"@id\":\"http:\/\/elt.pt\/en\/about-us\/#primaryimage\",\"url\":\"http:\/\/elt.pt\/wp-content\/uploads\/2024\/02\/quem-somos.jpg\",\"contentUrl\":\"http:\/\/elt.pt\/wp-content\/uploads\/2024\/02\/quem-somos.jpg\"},{\"@type\":\"BreadcrumbList\",\"@id\":\"http:\/\/elt.pt\/en\/about-us\/#breadcrumb\",\"itemListElement\":[{\"@type\":\"ListItem\",\"position\":1,\"name\":\"In\u00edcio\",\"item\":\"http:\/\/elt.pt\/en\/\"},{\"@type\":\"ListItem\",\"position\":2,\"name\":\"ABOUT US\"}]},{\"@type\":\"WebSite\",\"@id\":\"http:\/\/elt.pt\/en\/#website\",\"url\":\"http:\/\/elt.pt\/en\/\",\"name\":\"Electrorecambio\",\"description\":\"Climatiza\u00e7\u00e3o E Ventila\u00e7\u00e3o, Lda.\",\"publisher\":{\"@id\":\"http:\/\/elt.pt\/en\/#organization\"},\"potentialAction\":[{\"@type\":\"SearchAction\",\"target\":{\"@type\":\"EntryPoint\",\"urlTemplate\":\"http:\/\/elt.pt\/en\/?s={search_term_string}\"},\"query-input\":{\"@type\":\"PropertyValueSpecification\",\"valueRequired\":true,\"valueName\":\"search_term_string\"}}],\"inLanguage\":\"en-US\"},{\"@type\":\"Organization\",\"@id\":\"http:\/\/elt.pt\/en\/#organization\",\"name\":\"Electrorecambio\",\"url\":\"http:\/\/elt.pt\/en\/\",\"logo\":{\"@type\":\"ImageObject\",\"inLanguage\":\"en-US\",\"@id\":\"http:\/\/elt.pt\/en\/#\/schema\/logo\/image\/\",\"url\":\"\",\"contentUrl\":\"\",\"caption\":\"Electrorecambio\"},\"image\":{\"@id\":\"http:\/\/elt.pt\/en\/#\/schema\/logo\/image\/\"},\"sameAs\":[\"https:\/\/www.facebook.com\/ElectrorecambioPT\"]}]}<\/script>\n<!-- \/ Yoast SEO plugin. -->","yoast_head_json":{"title":"About Us - Elt.pt","robots":{"index":"index","follow":"follow","max-snippet":"max-snippet:-1","max-image-preview":"max-image-preview:large","max-video-preview":"max-video-preview:-1"},"canonical":"http:\/\/elt.pt\/en\/about-us\/","og_locale":"en_US","og_type":"article","og_title":"About Us - Elt.pt","og_description":"About Us ELT AVAC, founded in 1984, is a certified Portuguese company specializing in the industrial, commercial and domestic heating and air conditioning sector, with technical and engineering staff who provide quality services in the areas of solution development, installation, maintenance and technical assessments.ELT has great expertise in energy production equipment, such as chillers and [&hellip;]","og_url":"http:\/\/elt.pt\/en\/about-us\/","og_site_name":"Elt.pt","article_publisher":"https:\/\/www.facebook.com\/ElectrorecambioPT","article_modified_time":"2025-03-26T17:16:08+00:00","og_image":[{"url":"http:\/\/elt.pt\/wp-content\/uploads\/2024\/02\/quem-somos.jpg","type":"","width":"","height":""}],"twitter_card":"summary_large_image","twitter_misc":{"Est. reading time":"1 minute"},"schema":{"@context":"https:\/\/schema.org","@graph":[{"@type":"WebPage","@id":"http:\/\/elt.pt\/en\/about-us\/","url":"http:\/\/elt.pt\/en\/about-us\/","name":"About Us - Elt.pt","isPartOf":{"@id":"http:\/\/elt.pt\/en\/#website"},"primaryImageOfPage":{"@id":"http:\/\/elt.pt\/en\/about-us\/#primaryimage"},"image":{"@id":"http:\/\/elt.pt\/en\/about-us\/#primaryimage"},"thumbnailUrl":"http:\/\/elt.pt\/wp-content\/uploads\/2024\/02\/quem-somos.jpg","datePublished":"2024-11-07T15:20:18+00:00","dateModified":"2025-03-26T17:16:08+00:00","breadcrumb":{"@id":"http:\/\/elt.pt\/en\/about-us\/#breadcrumb"},"inLanguage":"en-US","potentialAction":[{"@type":"ReadAction","target":["http:\/\/elt.pt\/en\/about-us\/"]}]},{"@type":"ImageObject","inLanguage":"en-US","@id":"http:\/\/elt.pt\/en\/about-us\/#primaryimage","url":"http:\/\/elt.pt\/wp-content\/uploads\/2024\/02\/quem-somos.jpg","contentUrl":"http:\/\/elt.pt\/wp-content\/uploads\/2024\/02\/quem-somos.jpg"},{"@type":"BreadcrumbList","@id":"http:\/\/elt.pt\/en\/about-us\/#breadcrumb","itemListElement":[{"@type":"ListItem","position":1,"name":"In\u00edcio","item":"http:\/\/elt.pt\/en\/"},{"@type":"ListItem","position":2,"name":"ABOUT US"}]},{"@type":"WebSite","@id":"http:\/\/elt.pt\/en\/#website","url":"http:\/\/elt.pt\/en\/","name":"Electrorecambio","description":"Climatiza\u00e7\u00e3o E Ventila\u00e7\u00e3o, Lda.","publisher":{"@id":"http:\/\/elt.pt\/en\/#organization"},"potentialAction":[{"@type":"SearchAction","target":{"@type":"EntryPoint","urlTemplate":"http:\/\/elt.pt\/en\/?s={search_term_string}"},"query-input":{"@type":"PropertyValueSpecification","valueRequired":true,"valueName":"search_term_string"}}],"inLanguage":"en-US"},{"@type":"Organization","@id":"http:\/\/elt.pt\/en\/#organization","name":"Electrorecambio","url":"http:\/\/elt.pt\/en\/","logo":{"@type":"ImageObject","inLanguage":"en-US","@id":"http:\/\/elt.pt\/en\/#\/schema\/logo\/image\/","url":"","contentUrl":"","caption":"Electrorecambio"},"image":{"@id":"http:\/\/elt.pt\/en\/#\/schema\/logo\/image\/"},"sameAs":["https:\/\/www.facebook.com\/ElectrorecambioPT"]}]}},"_links":{"self":[{"href":"http:\/\/elt.pt\/en\/wp-json\/wp\/v2\/pages\/1099","targetHints":{"allow":["GET"]}}],"collection":[{"href":"http:\/\/elt.pt\/en\/wp-json\/wp\/v2\/pages"}],"about":[{"href":"http:\/\/elt.pt\/en\/wp-json\/wp\/v2\/types\/page"}],"author":[{"embeddable":true,"href":"http:\/\/elt.pt\/en\/wp-json\/wp\/v2\/users\/5"}],"replies":[{"embeddable":true,"href":"http:\/\/elt.pt\/en\/wp-json\/wp\/v2\/comments?post=1099"}],"version-history":[{"count":11,"href":"http:\/\/elt.pt\/en\/wp-json\/wp\/v2\/pages\/1099\/revisions"}],"predecessor-version":[{"id":1305,"href":"http:\/\/elt.pt\/en\/wp-json\/wp\/v2\/pages\/1099\/revisions\/1305"}],"wp:attachment":[{"href":"http:\/\/elt.pt\/en\/wp-json\/wp\/v2\/media?parent=1099"}],"curies":[{"name":"wp","href":"https:\/\/api.w.org\/{rel}","templated":true}]}}