{"id":1121,"date":"2024-11-07T16:02:04","date_gmt":"2024-11-07T16:02:04","guid":{"rendered":"http:\/\/elt.pt\/portfolio-copy\/"},"modified":"2024-11-28T12:49:34","modified_gmt":"2024-11-28T12:49:34","slug":"portfolio","status":"publish","type":"page","link":"http:\/\/elt.pt\/en\/portfolio\/","title":{"rendered":"PORTFOLIO"},"content":{"rendered":"\t\t<div data-elementor-type=\"wp-page\" data-elementor-id=\"1121\" class=\"elementor elementor-1121\" data-elementor-post-type=\"page\">\n\t\t\t\t<div class=\"elementor-element elementor-element-f97c213 e-flex e-con-boxed e-con e-parent\" data-id=\"f97c213\" data-element_type=\"container\">\n\t\t\t\t\t<div class=\"e-con-inner\">\n\t\t<div class=\"elementor-element elementor-element-08caba6 e-con-full e-flex e-con e-child\" data-id=\"08caba6\" data-element_type=\"container\">\n\t\t\t\t<div class=\"elementor-element elementor-element-1df2dbd elementor-widget elementor-widget-heading\" data-id=\"1df2dbd\" data-element_type=\"widget\" data-widget_type=\"heading.default\">\n\t\t\t\t<div class=\"elementor-widget-container\">\n\t\t\t\t\t<h2 class=\"elementor-heading-title elementor-size-default\">portfolio<\/h2>\t\t\t\t<\/div>\n\t\t\t\t<\/div>\n\t\t\t\t<div class=\"elementor-element elementor-element-c72a95a elementor-widget-divider--view-line elementor-widget elementor-widget-divider\" data-id=\"c72a95a\" data-element_type=\"widget\" data-widget_type=\"divider.default\">\n\t\t\t\t<div class=\"elementor-widget-container\">\n\t\t\t\t\t\t\t<div class=\"elementor-divider\">\n\t\t\t<span class=\"elementor-divider-separator\">\n\t\t\t\t\t\t<\/span>\n\t\t<\/div>\n\t\t\t\t\t\t<\/div>\n\t\t\t\t<\/div>\n\t\t\t\t<\/div>\n\t\t\t\t\t<\/div>\n\t\t\t\t<\/div>\n\t\t<div class=\"elementor-element elementor-element-93e0590 e-flex e-con-boxed e-con e-parent\" data-id=\"93e0590\" data-element_type=\"container\">\n\t\t\t\t\t<div class=\"e-con-inner\">\n\t\t\t\t<div class=\"elementor-element elementor-element-2ab85c1 gallery-spacing-custom elementor-widget elementor-widget-image-gallery\" data-id=\"2ab85c1\" data-element_type=\"widget\" data-widget_type=\"image-gallery.default\">\n\t\t\t\t<div class=\"elementor-widget-container\">\n\t\t\t\t\t\t\t<div class=\"elementor-image-gallery\">\n\t\t\t<div id='gallery-1' class='gallery galleryid-1121 gallery-columns-4 gallery-size-medium'><figure class='gallery-item'>\n\t\t\t<div class='gallery-icon landscape'>\n\t\t\t\t<a data-elementor-open-lightbox=\"yes\" data-elementor-lightbox-slideshow=\"2ab85c1\" data-elementor-lightbox-title=\"Palacio-justia-Cascais-3a02bd48\" data-e-action-hash=\"#elementor-action%3Aaction%3Dlightbox%26settings%3DeyJpZCI6MTA1MiwidXJsIjoiaHR0cDpcL1wvZWx0LnB0XC93cC1jb250ZW50XC91cGxvYWRzXC8yMDI0XC8wM1wvUGFsYWNpby1qdXN0aWEtQ2FzY2Fpcy0zYTAyYmQ0OC53ZWJwIiwic2xpZGVzaG93IjoiMmFiODVjMSJ9\" href='http:\/\/elt.pt\/wp-content\/uploads\/2024\/03\/Palacio-justia-Cascais-3a02bd48.webp'><img fetchpriority=\"high\" decoding=\"async\" width=\"287\" height=\"176\" src=\"http:\/\/elt.pt\/wp-content\/uploads\/2024\/03\/Palacio-justia-Cascais-3a02bd48.webp\" class=\"attachment-medium size-medium\" alt=\"\" aria-describedby=\"gallery-1-1052\" \/><\/a>\n\t\t\t<\/div>\n\t\t\t\t<figcaption class='wp-caption-text gallery-caption' id='gallery-1-1052'>\n\t\t\t\tPal\u00e1cio de Justi\u00e7a Cascais\n\t\t\t\t<\/figcaption><\/figure><figure class='gallery-item'>\n\t\t\t<div class='gallery-icon landscape'>\n\t\t\t\t<a data-elementor-open-lightbox=\"yes\" data-elementor-lightbox-slideshow=\"2ab85c1\" data-elementor-lightbox-title=\"Hospital-de-Faro-8fe062e4\" data-e-action-hash=\"#elementor-action%3Aaction%3Dlightbox%26settings%3DeyJpZCI6MTA1MSwidXJsIjoiaHR0cDpcL1wvZWx0LnB0XC93cC1jb250ZW50XC91cGxvYWRzXC8yMDI0XC8wM1wvSG9zcGl0YWwtZGUtRmFyby04ZmUwNjJlNC53ZWJwIiwic2xpZGVzaG93IjoiMmFiODVjMSJ9\" href='http:\/\/elt.pt\/wp-content\/uploads\/2024\/03\/Hospital-de-Faro-8fe062e4.webp'><img decoding=\"async\" width=\"287\" height=\"176\" src=\"http:\/\/elt.pt\/wp-content\/uploads\/2024\/03\/Hospital-de-Faro-8fe062e4.webp\" class=\"attachment-medium size-medium\" alt=\"\" aria-describedby=\"gallery-1-1051\" \/><\/a>\n\t\t\t<\/div>\n\t\t\t\t<figcaption class='wp-caption-text gallery-caption' id='gallery-1-1051'>\n\t\t\t\tHospital de Faro\n\t\t\t\t<\/figcaption><\/figure><figure class='gallery-item'>\n\t\t\t<div class='gallery-icon landscape'>\n\t\t\t\t<a data-elementor-open-lightbox=\"yes\" data-elementor-lightbox-slideshow=\"2ab85c1\" data-elementor-lightbox-title=\"Tribunal-Barreiro-41bc867b\" data-e-action-hash=\"#elementor-action%3Aaction%3Dlightbox%26settings%3DeyJpZCI6MTA0OSwidXJsIjoiaHR0cDpcL1wvZWx0LnB0XC93cC1jb250ZW50XC91cGxvYWRzXC8yMDI0XC8wM1wvVHJpYnVuYWwtQmFycmVpcm8tNDFiYzg2N2Iud2VicCIsInNsaWRlc2hvdyI6IjJhYjg1YzEifQ%3D%3D\" href='http:\/\/elt.pt\/wp-content\/uploads\/2024\/03\/Tribunal-Barreiro-41bc867b.webp'><img decoding=\"async\" width=\"287\" height=\"176\" src=\"http:\/\/elt.pt\/wp-content\/uploads\/2024\/03\/Tribunal-Barreiro-41bc867b.webp\" class=\"attachment-medium size-medium\" alt=\"\" aria-describedby=\"gallery-1-1049\" \/><\/a>\n\t\t\t<\/div>\n\t\t\t\t<figcaption class='wp-caption-text gallery-caption' id='gallery-1-1049'>\n\t\t\t\tTribunal Barreiro\n\t\t\t\t<\/figcaption><\/figure><figure class='gallery-item'>\n\t\t\t<div class='gallery-icon landscape'>\n\t\t\t\t<a data-elementor-open-lightbox=\"yes\" data-elementor-lightbox-slideshow=\"2ab85c1\" data-elementor-lightbox-title=\"projetos-pequena-82bca70e\" data-e-action-hash=\"#elementor-action%3Aaction%3Dlightbox%26settings%3DeyJpZCI6MTA0NCwidXJsIjoiaHR0cDpcL1wvZWx0LnB0XC93cC1jb250ZW50XC91cGxvYWRzXC8yMDI0XC8wM1wvcHJvamV0b3MtcGVxdWVuYS04MmJjYTcwZS53ZWJwIiwic2xpZGVzaG93IjoiMmFiODVjMSJ9\" href='http:\/\/elt.pt\/wp-content\/uploads\/2024\/03\/projetos-pequena-82bca70e.webp'><img loading=\"lazy\" decoding=\"async\" width=\"300\" height=\"200\" src=\"http:\/\/elt.pt\/wp-content\/uploads\/2024\/03\/projetos-pequena-82bca70e-300x200.webp\" class=\"attachment-medium size-medium\" alt=\"\" srcset=\"http:\/\/elt.pt\/wp-content\/uploads\/2024\/03\/projetos-pequena-82bca70e-300x200.webp 300w, http:\/\/elt.pt\/wp-content\/uploads\/2024\/03\/projetos-pequena-82bca70e.webp 402w\" sizes=\"(max-width: 300px) 100vw, 300px\" \/><\/a>\n\t\t\t<\/div><\/figure><figure class='gallery-item'>\n\t\t\t<div class='gallery-icon landscape'>\n\t\t\t\t<a data-elementor-open-lightbox=\"yes\" data-elementor-lightbox-slideshow=\"2ab85c1\" data-elementor-lightbox-title=\"instalacao-pequena-7a2c49f5\" data-e-action-hash=\"#elementor-action%3Aaction%3Dlightbox%26settings%3DeyJpZCI6MTA0NSwidXJsIjoiaHR0cDpcL1wvZWx0LnB0XC93cC1jb250ZW50XC91cGxvYWRzXC8yMDI0XC8wM1wvaW5zdGFsYWNhby1wZXF1ZW5hLTdhMmM0OWY1LndlYnAiLCJzbGlkZXNob3ciOiIyYWI4NWMxIn0%3D\" href='http:\/\/elt.pt\/wp-content\/uploads\/2024\/03\/instalacao-pequena-7a2c49f5.webp'><img loading=\"lazy\" decoding=\"async\" width=\"300\" height=\"200\" src=\"http:\/\/elt.pt\/wp-content\/uploads\/2024\/03\/instalacao-pequena-7a2c49f5-300x200.webp\" class=\"attachment-medium size-medium\" alt=\"\" srcset=\"http:\/\/elt.pt\/wp-content\/uploads\/2024\/03\/instalacao-pequena-7a2c49f5-300x200.webp 300w, http:\/\/elt.pt\/wp-content\/uploads\/2024\/03\/instalacao-pequena-7a2c49f5.webp 402w\" sizes=\"(max-width: 300px) 100vw, 300px\" \/><\/a>\n\t\t\t<\/div><\/figure><figure class='gallery-item'>\n\t\t\t<div class='gallery-icon landscape'>\n\t\t\t\t<a data-elementor-open-lightbox=\"yes\" data-elementor-lightbox-slideshow=\"2ab85c1\" data-elementor-lightbox-title=\"servico-assistencia-tecnica-pequena-d095f3d2\" data-e-action-hash=\"#elementor-action%3Aaction%3Dlightbox%26settings%3DeyJpZCI6MTA0NiwidXJsIjoiaHR0cDpcL1wvZWx0LnB0XC93cC1jb250ZW50XC91cGxvYWRzXC8yMDI0XC8wM1wvc2Vydmljby1hc3Npc3RlbmNpYS10ZWNuaWNhLXBlcXVlbmEtZDA5NWYzZDIud2VicCIsInNsaWRlc2hvdyI6IjJhYjg1YzEifQ%3D%3D\" href='http:\/\/elt.pt\/wp-content\/uploads\/2024\/03\/servico-assistencia-tecnica-pequena-d095f3d2.webp'><img loading=\"lazy\" decoding=\"async\" width=\"300\" height=\"200\" src=\"http:\/\/elt.pt\/wp-content\/uploads\/2024\/03\/servico-assistencia-tecnica-pequena-d095f3d2-300x200.webp\" class=\"attachment-medium size-medium\" alt=\"\" srcset=\"http:\/\/elt.pt\/wp-content\/uploads\/2024\/03\/servico-assistencia-tecnica-pequena-d095f3d2-300x200.webp 300w, http:\/\/elt.pt\/wp-content\/uploads\/2024\/03\/servico-assistencia-tecnica-pequena-d095f3d2.webp 402w\" sizes=\"(max-width: 300px) 100vw, 300px\" \/><\/a>\n\t\t\t<\/div><\/figure><figure class='gallery-item'>\n\t\t\t<div class='gallery-icon landscape'>\n\t\t\t\t<a data-elementor-open-lightbox=\"yes\" data-elementor-lightbox-slideshow=\"2ab85c1\" data-elementor-lightbox-title=\"Mcdonalds-leiria-b8f21c09\" data-e-action-hash=\"#elementor-action%3Aaction%3Dlightbox%26settings%3DeyJpZCI6MTA0NywidXJsIjoiaHR0cDpcL1wvZWx0LnB0XC93cC1jb250ZW50XC91cGxvYWRzXC8yMDI0XC8wM1wvTWNkb25hbGRzLWxlaXJpYS1iOGYyMWMwOS53ZWJwIiwic2xpZGVzaG93IjoiMmFiODVjMSJ9\" href='http:\/\/elt.pt\/wp-content\/uploads\/2024\/03\/Mcdonalds-leiria-b8f21c09.webp'><img loading=\"lazy\" decoding=\"async\" width=\"287\" height=\"176\" src=\"http:\/\/elt.pt\/wp-content\/uploads\/2024\/03\/Mcdonalds-leiria-b8f21c09.webp\" class=\"attachment-medium size-medium\" alt=\"\" aria-describedby=\"gallery-1-1047\" \/><\/a>\n\t\t\t<\/div>\n\t\t\t\t<figcaption class='wp-caption-text gallery-caption' id='gallery-1-1047'>\n\t\t\t\tMcDonald&#8217;s Leiria\n\t\t\t\t<\/figcaption><\/figure><figure class='gallery-item'>\n\t\t\t<div class='gallery-icon landscape'>\n\t\t\t\t<a data-elementor-open-lightbox=\"yes\" data-elementor-lightbox-slideshow=\"2ab85c1\" data-elementor-lightbox-title=\"centro-escolar-constancia-f787adbb\" data-e-action-hash=\"#elementor-action%3Aaction%3Dlightbox%26settings%3DeyJpZCI6MTA0OCwidXJsIjoiaHR0cDpcL1wvZWx0LnB0XC93cC1jb250ZW50XC91cGxvYWRzXC8yMDI0XC8wM1wvY2VudHJvLWVzY29sYXItY29uc3RhbmNpYS1mNzg3YWRiYi53ZWJwIiwic2xpZGVzaG93IjoiMmFiODVjMSJ9\" href='http:\/\/elt.pt\/wp-content\/uploads\/2024\/03\/centro-escolar-constancia-f787adbb.webp'><img loading=\"lazy\" decoding=\"async\" width=\"287\" height=\"176\" src=\"http:\/\/elt.pt\/wp-content\/uploads\/2024\/03\/centro-escolar-constancia-f787adbb.webp\" class=\"attachment-medium size-medium\" alt=\"\" aria-describedby=\"gallery-1-1048\" \/><\/a>\n\t\t\t<\/div>\n\t\t\t\t<figcaption class='wp-caption-text gallery-caption' id='gallery-1-1048'>\n\t\t\t\tCentro escolar Constancia\n\t\t\t\t<\/figcaption><\/figure>\n\t\t<\/div>\n\t\t<\/div>\n\t\t\t\t\t\t<\/div>\n\t\t\t\t<\/div>\n\t\t\t\t\t<\/div>\n\t\t\t\t<\/div>\n\t\t<div class=\"elementor-element elementor-element-568f8f1 e-flex e-con-boxed e-con e-parent\" data-id=\"568f8f1\" data-element_type=\"container\">\n\t\t\t\t\t<div class=\"e-con-inner\">\n\t\t\t\t<div class=\"elementor-element elementor-element-f9b6260 elementor-widget elementor-widget-text-editor\" data-id=\"f9b6260\" data-element_type=\"widget\" data-widget_type=\"text-editor.default\">\n\t\t\t\t<div class=\"elementor-widget-container\">\n\t\t\t\t\t\t\t\t\tWe&#8217;re just finishing updating our portfolio.<br>Contact us and discover the different projects we have already completed.\t\t\t\t\t\t\t\t<\/div>\n\t\t\t\t<\/div>\n\t\t\t\t<div class=\"elementor-element elementor-element-b6cd0b1 elementor-widget elementor-widget-button\" data-id=\"b6cd0b1\" data-element_type=\"widget\" data-widget_type=\"button.default\">\n\t\t\t\t<div class=\"elementor-widget-container\">\n\t\t\t\t\t\t\t\t\t<div class=\"elementor-button-wrapper\">\n\t\t\t\t\t<a class=\"elementor-button elementor-button-link elementor-size-sm\" href=\"http:\/\/elt.pt\/en\/contact\/\">\n\t\t\t\t\t\t<span class=\"elementor-button-content-wrapper\">\n\t\t\t\t\t\t\t\t\t<span class=\"elementor-button-text\">Contact Us<\/span>\n\t\t\t\t\t<\/span>\n\t\t\t\t\t<\/a>\n\t\t\t\t<\/div>\n\t\t\t\t\t\t\t\t<\/div>\n\t\t\t\t<\/div>\n\t\t\t\t\t<\/div>\n\t\t\t\t<\/div>\n\t\t\t\t<\/div>\n\t\t","protected":false},"excerpt":{"rendered":"<p>portfolio Pal\u00e1cio de Justi\u00e7a Cascais Hospital de Faro Tribunal Barreiro McDonald&#8217;s Leiria Centro escolar Constancia We&#8217;re just finishing updating our portfolio.Contact us and discover the different projects we have already completed. Contact Us<\/p>\n","protected":false},"author":5,"featured_media":0,"parent":0,"menu_order":0,"comment_status":"closed","ping_status":"closed","template":"","meta":{"footnotes":""},"class_list":["post-1121","page","type-page","status-publish","hentry"],"yoast_head":"<!-- This site is optimized with the Yoast SEO plugin v26.1.1 - https:\/\/yoast.com\/wordpress\/plugins\/seo\/ -->\n<title>Portfolio - Elt.pt<\/title>\n<meta name=\"robots\" content=\"index, follow, max-snippet:-1, max-image-preview:large, max-video-preview:-1\" \/>\n<link rel=\"canonical\" href=\"http:\/\/elt.pt\/en\/portfolio\/\" \/>\n<meta property=\"og:locale\" content=\"en_US\" \/>\n<meta property=\"og:type\" content=\"article\" \/>\n<meta property=\"og:title\" content=\"Portfolio - Elt.pt\" \/>\n<meta property=\"og:description\" content=\"portfolio Pal\u00e1cio de Justi\u00e7a Cascais Hospital de Faro Tribunal Barreiro McDonald&#8217;s Leiria Centro escolar Constancia We&#8217;re just finishing updating our portfolio.Contact us and discover the different projects we have already completed. Contact Us\" \/>\n<meta property=\"og:url\" content=\"http:\/\/elt.pt\/en\/portfolio\/\" \/>\n<meta property=\"og:site_name\" content=\"Elt.pt\" \/>\n<meta property=\"article:publisher\" content=\"https:\/\/www.facebook.com\/ElectrorecambioPT\" \/>\n<meta property=\"article:modified_time\" content=\"2024-11-28T12:49:34+00:00\" \/>\n<meta property=\"og:image\" content=\"http:\/\/elt.pt\/wp-content\/uploads\/2024\/03\/Palacio-justia-Cascais-3a02bd48.webp\" \/>\n<meta name=\"twitter:card\" content=\"summary_large_image\" \/>\n<meta name=\"twitter:label1\" content=\"Est. reading time\" \/>\n\t<meta name=\"twitter:data1\" content=\"2 minutes\" \/>\n<script type=\"application\/ld+json\" class=\"yoast-schema-graph\">{\"@context\":\"https:\/\/schema.org\",\"@graph\":[{\"@type\":\"WebPage\",\"@id\":\"http:\/\/elt.pt\/en\/portfolio\/\",\"url\":\"http:\/\/elt.pt\/en\/portfolio\/\",\"name\":\"Portfolio - Elt.pt\",\"isPartOf\":{\"@id\":\"http:\/\/elt.pt\/en\/#website\"},\"primaryImageOfPage\":{\"@id\":\"http:\/\/elt.pt\/en\/portfolio\/#primaryimage\"},\"image\":{\"@id\":\"http:\/\/elt.pt\/en\/portfolio\/#primaryimage\"},\"thumbnailUrl\":\"http:\/\/elt.pt\/wp-content\/uploads\/2024\/03\/Palacio-justia-Cascais-3a02bd48.webp\",\"datePublished\":\"2024-11-07T16:02:04+00:00\",\"dateModified\":\"2024-11-28T12:49:34+00:00\",\"breadcrumb\":{\"@id\":\"http:\/\/elt.pt\/en\/portfolio\/#breadcrumb\"},\"inLanguage\":\"en-US\",\"potentialAction\":[{\"@type\":\"ReadAction\",\"target\":[\"http:\/\/elt.pt\/en\/portfolio\/\"]}]},{\"@type\":\"ImageObject\",\"inLanguage\":\"en-US\",\"@id\":\"http:\/\/elt.pt\/en\/portfolio\/#primaryimage\",\"url\":\"http:\/\/elt.pt\/wp-content\/uploads\/2024\/03\/Palacio-justia-Cascais-3a02bd48.webp\",\"contentUrl\":\"http:\/\/elt.pt\/wp-content\/uploads\/2024\/03\/Palacio-justia-Cascais-3a02bd48.webp\"},{\"@type\":\"BreadcrumbList\",\"@id\":\"http:\/\/elt.pt\/en\/portfolio\/#breadcrumb\",\"itemListElement\":[{\"@type\":\"ListItem\",\"position\":1,\"name\":\"In\u00edcio\",\"item\":\"http:\/\/elt.pt\/en\/\"},{\"@type\":\"ListItem\",\"position\":2,\"name\":\"PORTFOLIO\"}]},{\"@type\":\"WebSite\",\"@id\":\"http:\/\/elt.pt\/en\/#website\",\"url\":\"http:\/\/elt.pt\/en\/\",\"name\":\"Electrorecambio\",\"description\":\"Climatiza\u00e7\u00e3o E Ventila\u00e7\u00e3o, Lda.\",\"publisher\":{\"@id\":\"http:\/\/elt.pt\/en\/#organization\"},\"potentialAction\":[{\"@type\":\"SearchAction\",\"target\":{\"@type\":\"EntryPoint\",\"urlTemplate\":\"http:\/\/elt.pt\/en\/?s={search_term_string}\"},\"query-input\":{\"@type\":\"PropertyValueSpecification\",\"valueRequired\":true,\"valueName\":\"search_term_string\"}}],\"inLanguage\":\"en-US\"},{\"@type\":\"Organization\",\"@id\":\"http:\/\/elt.pt\/en\/#organization\",\"name\":\"Electrorecambio\",\"url\":\"http:\/\/elt.pt\/en\/\",\"logo\":{\"@type\":\"ImageObject\",\"inLanguage\":\"en-US\",\"@id\":\"http:\/\/elt.pt\/en\/#\/schema\/logo\/image\/\",\"url\":\"\",\"contentUrl\":\"\",\"caption\":\"Electrorecambio\"},\"image\":{\"@id\":\"http:\/\/elt.pt\/en\/#\/schema\/logo\/image\/\"},\"sameAs\":[\"https:\/\/www.facebook.com\/ElectrorecambioPT\"]}]}<\/script>\n<!-- \/ Yoast SEO plugin. -->","yoast_head_json":{"title":"Portfolio - Elt.pt","robots":{"index":"index","follow":"follow","max-snippet":"max-snippet:-1","max-image-preview":"max-image-preview:large","max-video-preview":"max-video-preview:-1"},"canonical":"http:\/\/elt.pt\/en\/portfolio\/","og_locale":"en_US","og_type":"article","og_title":"Portfolio - Elt.pt","og_description":"portfolio Pal\u00e1cio de Justi\u00e7a Cascais Hospital de Faro Tribunal Barreiro McDonald&#8217;s Leiria Centro escolar Constancia We&#8217;re just finishing updating our portfolio.Contact us and discover the different projects we have already completed. Contact Us","og_url":"http:\/\/elt.pt\/en\/portfolio\/","og_site_name":"Elt.pt","article_publisher":"https:\/\/www.facebook.com\/ElectrorecambioPT","article_modified_time":"2024-11-28T12:49:34+00:00","og_image":[{"url":"http:\/\/elt.pt\/wp-content\/uploads\/2024\/03\/Palacio-justia-Cascais-3a02bd48.webp","type":"","width":"","height":""}],"twitter_card":"summary_large_image","twitter_misc":{"Est. reading time":"2 minutes"},"schema":{"@context":"https:\/\/schema.org","@graph":[{"@type":"WebPage","@id":"http:\/\/elt.pt\/en\/portfolio\/","url":"http:\/\/elt.pt\/en\/portfolio\/","name":"Portfolio - Elt.pt","isPartOf":{"@id":"http:\/\/elt.pt\/en\/#website"},"primaryImageOfPage":{"@id":"http:\/\/elt.pt\/en\/portfolio\/#primaryimage"},"image":{"@id":"http:\/\/elt.pt\/en\/portfolio\/#primaryimage"},"thumbnailUrl":"http:\/\/elt.pt\/wp-content\/uploads\/2024\/03\/Palacio-justia-Cascais-3a02bd48.webp","datePublished":"2024-11-07T16:02:04+00:00","dateModified":"2024-11-28T12:49:34+00:00","breadcrumb":{"@id":"http:\/\/elt.pt\/en\/portfolio\/#breadcrumb"},"inLanguage":"en-US","potentialAction":[{"@type":"ReadAction","target":["http:\/\/elt.pt\/en\/portfolio\/"]}]},{"@type":"ImageObject","inLanguage":"en-US","@id":"http:\/\/elt.pt\/en\/portfolio\/#primaryimage","url":"http:\/\/elt.pt\/wp-content\/uploads\/2024\/03\/Palacio-justia-Cascais-3a02bd48.webp","contentUrl":"http:\/\/elt.pt\/wp-content\/uploads\/2024\/03\/Palacio-justia-Cascais-3a02bd48.webp"},{"@type":"BreadcrumbList","@id":"http:\/\/elt.pt\/en\/portfolio\/#breadcrumb","itemListElement":[{"@type":"ListItem","position":1,"name":"In\u00edcio","item":"http:\/\/elt.pt\/en\/"},{"@type":"ListItem","position":2,"name":"PORTFOLIO"}]},{"@type":"WebSite","@id":"http:\/\/elt.pt\/en\/#website","url":"http:\/\/elt.pt\/en\/","name":"Electrorecambio","description":"Climatiza\u00e7\u00e3o E Ventila\u00e7\u00e3o, Lda.","publisher":{"@id":"http:\/\/elt.pt\/en\/#organization"},"potentialAction":[{"@type":"SearchAction","target":{"@type":"EntryPoint","urlTemplate":"http:\/\/elt.pt\/en\/?s={search_term_string}"},"query-input":{"@type":"PropertyValueSpecification","valueRequired":true,"valueName":"search_term_string"}}],"inLanguage":"en-US"},{"@type":"Organization","@id":"http:\/\/elt.pt\/en\/#organization","name":"Electrorecambio","url":"http:\/\/elt.pt\/en\/","logo":{"@type":"ImageObject","inLanguage":"en-US","@id":"http:\/\/elt.pt\/en\/#\/schema\/logo\/image\/","url":"","contentUrl":"","caption":"Electrorecambio"},"image":{"@id":"http:\/\/elt.pt\/en\/#\/schema\/logo\/image\/"},"sameAs":["https:\/\/www.facebook.com\/ElectrorecambioPT"]}]}},"_links":{"self":[{"href":"http:\/\/elt.pt\/en\/wp-json\/wp\/v2\/pages\/1121","targetHints":{"allow":["GET"]}}],"collection":[{"href":"http:\/\/elt.pt\/en\/wp-json\/wp\/v2\/pages"}],"about":[{"href":"http:\/\/elt.pt\/en\/wp-json\/wp\/v2\/types\/page"}],"author":[{"embeddable":true,"href":"http:\/\/elt.pt\/en\/wp-json\/wp\/v2\/users\/5"}],"replies":[{"embeddable":true,"href":"http:\/\/elt.pt\/en\/wp-json\/wp\/v2\/comments?post=1121"}],"version-history":[{"count":23,"href":"http:\/\/elt.pt\/en\/wp-json\/wp\/v2\/pages\/1121\/revisions"}],"predecessor-version":[{"id":1248,"href":"http:\/\/elt.pt\/en\/wp-json\/wp\/v2\/pages\/1121\/revisions\/1248"}],"wp:attachment":[{"href":"http:\/\/elt.pt\/en\/wp-json\/wp\/v2\/media?parent=1121"}],"curies":[{"name":"wp","href":"https:\/\/api.w.org\/{rel}","templated":true}]}}